{"id":79,"date":"2026-03-31T09:07:01","date_gmt":"2026-03-31T09:07:01","guid":{"rendered":"https:\/\/www.laptitebulle42.fr\/?page_id=79"},"modified":"2026-03-31T09:10:33","modified_gmt":"2026-03-31T09:10:33","slug":"les-interventions","status":"publish","type":"page","link":"https:\/\/www.laptitebulle42.fr\/?page_id=79","title":{"rendered":"Les interventions"},"content":{"rendered":"\n<p>Nos clowns interviennent toujours \u00e0 deux !<\/p>\n\n\n\n<p>Nous travaillons avec 3 artistes professionnels form\u00e9s au clown et au milieu de soin. Nous portons une grande attention \u00e0 la qualit\u00e9 des interventions.<\/p>\n\n\n\n<p>Les interventions sont clownesques et musicales mais aussi magiques, po\u00e9tiques !<\/p>\n\n\n\n<p>Nous esp\u00e9rons agrandir l&rsquo;\u00e9quipe professionnelle au fur et \u00e0 mesure des ann\u00e9es.<\/p>\n\n\n\n<figure class=\"wp-block-image size-large\"><img loading=\"lazy\" decoding=\"async\" width=\"1024\" height=\"683\" src=\"https:\/\/www.laptitebulle42.fr\/wp-content\/uploads\/2026\/02\/PHV9763-2-1024x683.jpg\" alt=\"clowns chambre\" class=\"wp-image-33\" srcset=\"https:\/\/www.laptitebulle42.fr\/wp-content\/uploads\/2026\/02\/PHV9763-2-1024x683.jpg 1024w, https:\/\/www.laptitebulle42.fr\/wp-content\/uploads\/2026\/02\/PHV9763-2-300x200.jpg 300w, https:\/\/www.laptitebulle42.fr\/wp-content\/uploads\/2026\/02\/PHV9763-2-768x512.jpg 768w, https:\/\/www.laptitebulle42.fr\/wp-content\/uploads\/2026\/02\/PHV9763-2-1536x1024.jpg 1536w, https:\/\/www.laptitebulle42.fr\/wp-content\/uploads\/2026\/02\/PHV9763-2-2048x1365.jpg 2048w\" sizes=\"auto, (max-width: 1024px) 100vw, 1024px\" \/><\/figure>\n","protected":false},"excerpt":{"rendered":"<p>Nos clowns interviennent toujours \u00e0 deux ! Nous travaillons avec 3 artistes professionnels form\u00e9s au clown et au milieu de soin. Nous portons une grande attention \u00e0 la qualit\u00e9 des interventions. Les interventions sont clownesques et musicales mais aussi magiques, po\u00e9tiques ! Nous esp\u00e9rons agrandir l&rsquo;\u00e9quipe professionnelle au fur et \u00e0 mesure des ann\u00e9es.<\/p>\n","protected":false},"author":1,"featured_media":0,"parent":0,"menu_order":0,"comment_status":"closed","ping_status":"closed","template":"","meta":{"footnotes":""},"class_list":["post-79","page","type-page","status-publish","hentry"],"_links":{"self":[{"href":"https:\/\/www.laptitebulle42.fr\/index.php?rest_route=\/wp\/v2\/pages\/79","targetHints":{"allow":["GET"]}}],"collection":[{"href":"https:\/\/www.laptitebulle42.fr\/index.php?rest_route=\/wp\/v2\/pages"}],"about":[{"href":"https:\/\/www.laptitebulle42.fr\/index.php?rest_route=\/wp\/v2\/types\/page"}],"author":[{"embeddable":true,"href":"https:\/\/www.laptitebulle42.fr\/index.php?rest_route=\/wp\/v2\/users\/1"}],"replies":[{"embeddable":true,"href":"https:\/\/www.laptitebulle42.fr\/index.php?rest_route=%2Fwp%2Fv2%2Fcomments&post=79"}],"version-history":[{"count":2,"href":"https:\/\/www.laptitebulle42.fr\/index.php?rest_route=\/wp\/v2\/pages\/79\/revisions"}],"predecessor-version":[{"id":91,"href":"https:\/\/www.laptitebulle42.fr\/index.php?rest_route=\/wp\/v2\/pages\/79\/revisions\/91"}],"wp:attachment":[{"href":"https:\/\/www.laptitebulle42.fr\/index.php?rest_route=%2Fwp%2Fv2%2Fmedia&parent=79"}],"curies":[{"name":"wp","href":"https:\/\/api.w.org\/{rel}","templated":true}]}}