{"id":80,"date":"2026-03-31T08:40:24","date_gmt":"2026-03-31T08:40:24","guid":{"rendered":"https:\/\/www.laptitebulle42.fr\/?page_id=80"},"modified":"2026-03-31T08:40:24","modified_gmt":"2026-03-31T08:40:24","slug":"lequipe-benevole","status":"publish","type":"page","link":"https:\/\/www.laptitebulle42.fr\/?page_id=80","title":{"rendered":"L&rsquo;\u00e9quipe b\u00e9n\u00e9vole"},"content":{"rendered":"\n<p>50 adh\u00e9rents<\/p>\n\n\n\n<p>Un bureau et des membres actifs <\/p>\n\n\n\n<p>Venez nous rejoindre et choisissez une mission qui vous convient !<\/p>\n\n\n\n<p>R\u00e9seaux sociaux, comptabilit\u00e9, animation d&rsquo;un stand lors des salons , recherche de financement, gestion des plannings des intervenants, &#8230; <\/p>\n","protected":false},"excerpt":{"rendered":"<p>50 adh\u00e9rents Un bureau et des membres actifs Venez nous rejoindre et choisissez une mission qui vous convient ! R\u00e9seaux sociaux, comptabilit\u00e9, animation d&rsquo;un stand lors des salons , recherche de financement, gestion des plannings des intervenants, &#8230;<\/p>\n","protected":false},"author":1,"featured_media":0,"parent":0,"menu_order":0,"comment_status":"closed","ping_status":"closed","template":"","meta":{"footnotes":""},"class_list":["post-80","page","type-page","status-publish","hentry"],"_links":{"self":[{"href":"https:\/\/www.laptitebulle42.fr\/index.php?rest_route=\/wp\/v2\/pages\/80","targetHints":{"allow":["GET"]}}],"collection":[{"href":"https:\/\/www.laptitebulle42.fr\/index.php?rest_route=\/wp\/v2\/pages"}],"about":[{"href":"https:\/\/www.laptitebulle42.fr\/index.php?rest_route=\/wp\/v2\/types\/page"}],"author":[{"embeddable":true,"href":"https:\/\/www.laptitebulle42.fr\/index.php?rest_route=\/wp\/v2\/users\/1"}],"replies":[{"embeddable":true,"href":"https:\/\/www.laptitebulle42.fr\/index.php?rest_route=%2Fwp%2Fv2%2Fcomments&post=80"}],"version-history":[{"count":1,"href":"https:\/\/www.laptitebulle42.fr\/index.php?rest_route=\/wp\/v2\/pages\/80\/revisions"}],"predecessor-version":[{"id":86,"href":"https:\/\/www.laptitebulle42.fr\/index.php?rest_route=\/wp\/v2\/pages\/80\/revisions\/86"}],"wp:attachment":[{"href":"https:\/\/www.laptitebulle42.fr\/index.php?rest_route=%2Fwp%2Fv2%2Fmedia&parent=80"}],"curies":[{"name":"wp","href":"https:\/\/api.w.org\/{rel}","templated":true}]}}