{"id":81,"date":"2026-03-31T08:45:19","date_gmt":"2026-03-31T08:45:19","guid":{"rendered":"https:\/\/www.laptitebulle42.fr\/?page_id=81"},"modified":"2026-03-31T08:45:19","modified_gmt":"2026-03-31T08:45:19","slug":"les-etablissements-beneficiaires","status":"publish","type":"page","link":"https:\/\/www.laptitebulle42.fr\/?page_id=81","title":{"rendered":"Les \u00e9tablissements b\u00e9n\u00e9ficiaires"},"content":{"rendered":"\n<p>EHPAD Saint Just Saint Rambert<\/p>\n\n\n\n<p>R\u00e9sidence s\u00e9nior Le Colombier<\/p>\n\n\n\n<p>EHPAD Bellegarde en Forez<\/p>\n\n\n\n<p>R\u00e9sidence Saint Romain le puy<\/p>\n\n\n\n<p><\/p>\n\n\n\n<p>Pour b\u00e9n\u00e9ficier de nos interventions, contactez nous par mail ou t\u00e9l\u00e9phone.<\/p>\n\n\n\n<p>Nous demandons aux structures b\u00e9n\u00e9ficiaires une adh\u00e9sion annuelle de 50\u20ac.<\/p>\n","protected":false},"excerpt":{"rendered":"<p>EHPAD Saint Just Saint Rambert R\u00e9sidence s\u00e9nior Le Colombier EHPAD Bellegarde en Forez R\u00e9sidence Saint Romain le puy Pour b\u00e9n\u00e9ficier de nos interventions, contactez nous par mail ou t\u00e9l\u00e9phone. Nous demandons aux structures b\u00e9n\u00e9ficiaires une adh\u00e9sion annuelle de 50\u20ac.<\/p>\n","protected":false},"author":1,"featured_media":0,"parent":0,"menu_order":0,"comment_status":"closed","ping_status":"closed","template":"","meta":{"footnotes":""},"class_list":["post-81","page","type-page","status-publish","hentry"],"_links":{"self":[{"href":"https:\/\/www.laptitebulle42.fr\/index.php?rest_route=\/wp\/v2\/pages\/81","targetHints":{"allow":["GET"]}}],"collection":[{"href":"https:\/\/www.laptitebulle42.fr\/index.php?rest_route=\/wp\/v2\/pages"}],"about":[{"href":"https:\/\/www.laptitebulle42.fr\/index.php?rest_route=\/wp\/v2\/types\/page"}],"author":[{"embeddable":true,"href":"https:\/\/www.laptitebulle42.fr\/index.php?rest_route=\/wp\/v2\/users\/1"}],"replies":[{"embeddable":true,"href":"https:\/\/www.laptitebulle42.fr\/index.php?rest_route=%2Fwp%2Fv2%2Fcomments&post=81"}],"version-history":[{"count":1,"href":"https:\/\/www.laptitebulle42.fr\/index.php?rest_route=\/wp\/v2\/pages\/81\/revisions"}],"predecessor-version":[{"id":88,"href":"https:\/\/www.laptitebulle42.fr\/index.php?rest_route=\/wp\/v2\/pages\/81\/revisions\/88"}],"wp:attachment":[{"href":"https:\/\/www.laptitebulle42.fr\/index.php?rest_route=%2Fwp%2Fv2%2Fmedia&parent=81"}],"curies":[{"name":"wp","href":"https:\/\/api.w.org\/{rel}","templated":true}]}}