{"id":82,"date":"2026-03-31T08:35:26","date_gmt":"2026-03-31T08:35:26","guid":{"rendered":"https:\/\/www.laptitebulle42.fr\/?page_id=82"},"modified":"2026-03-31T08:35:26","modified_gmt":"2026-03-31T08:35:26","slug":"les-partenaires-financiers","status":"publish","type":"page","link":"https:\/\/www.laptitebulle42.fr\/?page_id=82","title":{"rendered":"Les partenaires financiers"},"content":{"rendered":"\n<p>Communes : Essertines en Chatelneuf (42600)<\/p>\n\n\n\n<p>Associations : Les amuses gueules, Rozenn, <\/p>\n\n\n\n<p>Entreprises : G\u00eete l&rsquo;eau vive,  Elk\u00e9oze,  Hair coiffure, &#8230;<\/p>\n\n\n\n<p>Particuliers : Nos 50 adh\u00e9rents gr\u00e2ce aux adh\u00e9sions et dons.<\/p>\n\n\n\n<p>MERCI A TOUS NOS PARTENAIRES QUI PERMETTENT A NOTRE ASSOCIATION D&rsquo;EXISTER  !<\/p>\n","protected":false},"excerpt":{"rendered":"<p>Communes : Essertines en Chatelneuf (42600) Associations : Les amuses gueules, Rozenn, Entreprises : G\u00eete l&rsquo;eau vive, Elk\u00e9oze, Hair coiffure, &#8230; Particuliers : Nos 50 adh\u00e9rents gr\u00e2ce aux adh\u00e9sions et dons. MERCI A TOUS NOS PARTENAIRES QUI PERMETTENT A NOTRE ASSOCIATION D&rsquo;EXISTER !<\/p>\n","protected":false},"author":1,"featured_media":0,"parent":0,"menu_order":0,"comment_status":"closed","ping_status":"closed","template":"","meta":{"footnotes":""},"class_list":["post-82","page","type-page","status-publish","hentry"],"_links":{"self":[{"href":"https:\/\/www.laptitebulle42.fr\/index.php?rest_route=\/wp\/v2\/pages\/82","targetHints":{"allow":["GET"]}}],"collection":[{"href":"https:\/\/www.laptitebulle42.fr\/index.php?rest_route=\/wp\/v2\/pages"}],"about":[{"href":"https:\/\/www.laptitebulle42.fr\/index.php?rest_route=\/wp\/v2\/types\/page"}],"author":[{"embeddable":true,"href":"https:\/\/www.laptitebulle42.fr\/index.php?rest_route=\/wp\/v2\/users\/1"}],"replies":[{"embeddable":true,"href":"https:\/\/www.laptitebulle42.fr\/index.php?rest_route=%2Fwp%2Fv2%2Fcomments&post=82"}],"version-history":[{"count":1,"href":"https:\/\/www.laptitebulle42.fr\/index.php?rest_route=\/wp\/v2\/pages\/82\/revisions"}],"predecessor-version":[{"id":83,"href":"https:\/\/www.laptitebulle42.fr\/index.php?rest_route=\/wp\/v2\/pages\/82\/revisions\/83"}],"wp:attachment":[{"href":"https:\/\/www.laptitebulle42.fr\/index.php?rest_route=%2Fwp%2Fv2%2Fmedia&parent=82"}],"curies":[{"name":"wp","href":"https:\/\/api.w.org\/{rel}","templated":true}]}}